{"id":2139,"date":"2024-07-23T17:41:05","date_gmt":"2024-07-23T15:41:05","guid":{"rendered":"https:\/\/tellsshoes.ch\/?post_type=product&#038;p=2139"},"modified":"2024-10-03T13:29:19","modified_gmt":"2024-10-03T11:29:19","slug":"vanil-noir","status":"publish","type":"product","link":"https:\/\/old.tellsshoes.ch\/en\/product\/vanil-noir\/","title":{"rendered":"VANIL-NOIR"},"content":{"rendered":"<p><strong>D\u00c9TAILS TECHNIQUES<\/strong><\/p>\n<ul>\n<li>CUIR : CUIR LISSE NOIR \/ CUIR FANTAISIE NOIR<\/li>\n<li>BARRE DE D\u00c9ROULEMENT : RIGIDE<\/li>\n<li>CONTREFORTS : STABILISANTS<\/li>\n<li>SEMELLE : 2 SEMELLES INT\u00c9RIEURES AMOVIBLES<\/li>\n<li>DOUBLURE : DOUBLURE DIAB\u00c9TIQUE<\/li>\n<\/ul>\n<p><strong>FABRICATION<\/strong><\/p>\n<ul>\n<li>FABRICATION: FRANCE<\/li>\n<li>D\u00c9VELOPPEMENT: SUISSE<\/li>\n<li>PROVENANCE TEXTILES \/ CUIR : FRANCE<\/li>\n<li>PROVENANCE SEMELLE : PORTUGAL<\/li>\n<\/ul>","protected":false},"excerpt":{"rendered":"<p>Explorez les avantages du mod\u00e8le POLLUX, une chaussure masculine exceptionnelle qui combine avec brio confort, soutien et une \u00e9l\u00e9gance raffin\u00e9e. Sa semelle largement dimensionn\u00e9e garantit une r\u00e9partition uniforme de la pression et offre une stabilit\u00e9 incomparable. L&rsquo;ouverture astucieusement con\u00e7ue de la chaussure simplifie grandement l&rsquo;enfilage. Avec le mod\u00e8le POLLUX \u00e0 vos pieds, vous \u00eates par\u00e9 \u00e0 affronter toutes les circonstances, en alliant confort sup\u00e9rieur et style distingu\u00e9.<\/p>","protected":false},"featured_media":2152,"comment_status":"open","ping_status":"closed","template":"","meta":[],"product_brand":[],"product_cat":[31],"product_tag":[],"class_list":{"0":"post-2139","1":"product","2":"type-product","3":"status-publish","4":"has-post-thumbnail","6":"product_cat-femme","8":"first","9":"instock","10":"shipping-taxable","11":"purchasable","12":"product-type-variable"},"_links":{"self":[{"href":"https:\/\/old.tellsshoes.ch\/en\/wp-json\/wp\/v2\/product\/2139","targetHints":{"allow":["GET"]}}],"collection":[{"href":"https:\/\/old.tellsshoes.ch\/en\/wp-json\/wp\/v2\/product"}],"about":[{"href":"https:\/\/old.tellsshoes.ch\/en\/wp-json\/wp\/v2\/types\/product"}],"replies":[{"embeddable":true,"href":"https:\/\/old.tellsshoes.ch\/en\/wp-json\/wp\/v2\/comments?post=2139"}],"wp:featuredmedia":[{"embeddable":true,"href":"https:\/\/old.tellsshoes.ch\/en\/wp-json\/wp\/v2\/media\/2152"}],"wp:attachment":[{"href":"https:\/\/old.tellsshoes.ch\/en\/wp-json\/wp\/v2\/media?parent=2139"}],"wp:term":[{"taxonomy":"product_brand","embeddable":true,"href":"https:\/\/old.tellsshoes.ch\/en\/wp-json\/wp\/v2\/product_brand?post=2139"},{"taxonomy":"product_cat","embeddable":true,"href":"https:\/\/old.tellsshoes.ch\/en\/wp-json\/wp\/v2\/product_cat?post=2139"},{"taxonomy":"product_tag","embeddable":true,"href":"https:\/\/old.tellsshoes.ch\/en\/wp-json\/wp\/v2\/product_tag?post=2139"}],"curies":[{"name":"wp","href":"https:\/\/api.w.org\/{rel}","templated":true}]}}