{"id":2096,"date":"2024-07-23T17:24:38","date_gmt":"2024-07-23T15:24:38","guid":{"rendered":"https:\/\/tellsshoes.ch\/?post_type=product&#038;p=2096"},"modified":"2024-10-03T13:29:19","modified_gmt":"2024-10-03T11:29:19","slug":"vaulion","status":"publish","type":"product","link":"https:\/\/old.tellsshoes.ch\/en\/product\/vaulion\/","title":{"rendered":"VAULION"},"content":{"rendered":"<p><strong>D\u00c9TAILS TECHNIQUES<\/strong><\/p>\n<ul>\n<li>CUIR : CUIR LISSE NOIR \/ CUIR NUBUCK NOIR<\/li>\n<li>BARRE DE D\u00c9ROULEMENT : RIGIDE<\/li>\n<li>CONTREFORTS : STABILISANTS<\/li>\n<li>SEMELLE : 2 SEMELLES INT\u00c9RIEURES AMOVIBLES<\/li>\n<li>DOUBLURE : DOUBLURE DIAB\u00c9TIQUE<\/li>\n<\/ul>\n<p><strong>FABRICATION<\/strong><\/p>\n<ul>\n<li>FABRICATION : FRANCE<\/li>\n<li>D\u00c9VELOPPEMENT : SUISSE<\/li>\n<li>PROVENANCE TEXTILES \/ CUIR : FRANCE<\/li>\n<li>PROVENANCE SEMELLE : PORTUGAL<\/li>\n<\/ul>","protected":false},"excerpt":{"rendered":"<p>D\u00c9TAILS TECHNIQUES CUIR : CUIR LISSE NOIR \/ CUIR NUBUCK NOIR BARRE DE D\u00c9ROULEMENT : RIGIDE CONTREFORTS : STABILISANTS SEMELLE : 2 SEMELLES INT\u00c9RIEURES AMOVIBLES DOUBLURE : DOUBLURE DIAB\u00c9TIQUE FABRICATION FABRICATION : FRANCE D\u00c9VELOPPEMENT : SUISSE PROVENANCE TEXTILES \/ CUIR : FRANCE PROVENANCE SEMELLE : PORTUGAL<\/p>","protected":false},"featured_media":2517,"comment_status":"open","ping_status":"closed","template":"","meta":[],"product_brand":[],"product_cat":[30],"product_tag":[],"class_list":{"0":"post-2096","1":"product","2":"type-product","3":"status-publish","4":"has-post-thumbnail","6":"product_cat-homme","8":"first","9":"instock","10":"shipping-taxable","11":"purchasable","12":"product-type-variable"},"_links":{"self":[{"href":"https:\/\/old.tellsshoes.ch\/en\/wp-json\/wp\/v2\/product\/2096","targetHints":{"allow":["GET"]}}],"collection":[{"href":"https:\/\/old.tellsshoes.ch\/en\/wp-json\/wp\/v2\/product"}],"about":[{"href":"https:\/\/old.tellsshoes.ch\/en\/wp-json\/wp\/v2\/types\/product"}],"replies":[{"embeddable":true,"href":"https:\/\/old.tellsshoes.ch\/en\/wp-json\/wp\/v2\/comments?post=2096"}],"wp:featuredmedia":[{"embeddable":true,"href":"https:\/\/old.tellsshoes.ch\/en\/wp-json\/wp\/v2\/media\/2517"}],"wp:attachment":[{"href":"https:\/\/old.tellsshoes.ch\/en\/wp-json\/wp\/v2\/media?parent=2096"}],"wp:term":[{"taxonomy":"product_brand","embeddable":true,"href":"https:\/\/old.tellsshoes.ch\/en\/wp-json\/wp\/v2\/product_brand?post=2096"},{"taxonomy":"product_cat","embeddable":true,"href":"https:\/\/old.tellsshoes.ch\/en\/wp-json\/wp\/v2\/product_cat?post=2096"},{"taxonomy":"product_tag","embeddable":true,"href":"https:\/\/old.tellsshoes.ch\/en\/wp-json\/wp\/v2\/product_tag?post=2096"}],"curies":[{"name":"wp","href":"https:\/\/api.w.org\/{rel}","templated":true}]}}