{"id":1579,"date":"2024-07-02T17:06:10","date_gmt":"2024-07-02T15:06:10","guid":{"rendered":"https:\/\/tellsshoes.ch\/?post_type=product&#038;p=1579"},"modified":"2024-10-03T13:29:20","modified_gmt":"2024-10-03T11:29:20","slug":"moleson","status":"publish","type":"product","link":"https:\/\/old.tellsshoes.ch\/en\/product\/moleson\/","title":{"rendered":"MOLESON"},"content":{"rendered":"<p><strong>D\u00c9TAILS TECHNIQUES<\/strong><\/p>\n<ul>\n<li>CUIR : CUIR LISSE MARRON \/ CUIR NUBUCK MARRON<\/li>\n<li>BARRE DE D\u00c9ROULEMENT : RIGIDE<\/li>\n<li>CONTREFORTS : STABILISANTS<\/li>\n<li>SEMELLE : 2 SEMELLES INT\u00c9RIEURES AMOVIBLES<\/li>\n<li>DOUBLURE : DOUBLURE DIAB\u00c9TIQUE<\/li>\n<\/ul>\n<p><strong>FABRICATION<\/strong><\/p>\n<ul>\n<li>FABRICATION : FRANCE<\/li>\n<li>D\u00c9VELOPPEMENT : SUISSE<\/li>\n<li>PROVENANCE TEXTILE \/ CUIR : FRANCE<\/li>\n<li>PROVENANCE SEMELLE : PORTUGAL<\/li>\n<\/ul>","protected":false},"excerpt":{"rendered":"<p>D\u00e9couvrez le mod\u00e8le MOLESON, la chaussure pour homme id\u00e9ale qui allie confort, soutien et style \u00e9l\u00e9gant. Sa semelle large assure une pression \u00e9quilibr\u00e9e et une grande stabilit\u00e9. Gr\u00e2ce \u00e0 son ouverture pratique, l&rsquo;enfilage est facilit\u00e9. Avec ces chaussures, vous pouvez affronter toutes les situations avec confort et \u00e9l\u00e9gance.<\/p>","protected":false},"featured_media":2188,"comment_status":"open","ping_status":"closed","template":"","meta":[],"product_brand":[],"product_cat":[30],"product_tag":[],"class_list":{"0":"post-1579","1":"product","2":"type-product","3":"status-publish","4":"has-post-thumbnail","6":"product_cat-homme","8":"first","9":"instock","10":"shipping-taxable","11":"purchasable","12":"product-type-variable"},"_links":{"self":[{"href":"https:\/\/old.tellsshoes.ch\/en\/wp-json\/wp\/v2\/product\/1579","targetHints":{"allow":["GET"]}}],"collection":[{"href":"https:\/\/old.tellsshoes.ch\/en\/wp-json\/wp\/v2\/product"}],"about":[{"href":"https:\/\/old.tellsshoes.ch\/en\/wp-json\/wp\/v2\/types\/product"}],"replies":[{"embeddable":true,"href":"https:\/\/old.tellsshoes.ch\/en\/wp-json\/wp\/v2\/comments?post=1579"}],"wp:featuredmedia":[{"embeddable":true,"href":"https:\/\/old.tellsshoes.ch\/en\/wp-json\/wp\/v2\/media\/2188"}],"wp:attachment":[{"href":"https:\/\/old.tellsshoes.ch\/en\/wp-json\/wp\/v2\/media?parent=1579"}],"wp:term":[{"taxonomy":"product_brand","embeddable":true,"href":"https:\/\/old.tellsshoes.ch\/en\/wp-json\/wp\/v2\/product_brand?post=1579"},{"taxonomy":"product_cat","embeddable":true,"href":"https:\/\/old.tellsshoes.ch\/en\/wp-json\/wp\/v2\/product_cat?post=1579"},{"taxonomy":"product_tag","embeddable":true,"href":"https:\/\/old.tellsshoes.ch\/en\/wp-json\/wp\/v2\/product_tag?post=1579"}],"curies":[{"name":"wp","href":"https:\/\/api.w.org\/{rel}","templated":true}]}}