{"id":1577,"date":"2024-07-02T17:03:20","date_gmt":"2024-07-02T15:03:20","guid":{"rendered":"https:\/\/tellsshoes.ch\/?post_type=product&#038;p=1577"},"modified":"2024-10-03T13:29:20","modified_gmt":"2024-10-03T11:29:20","slug":"cervin","status":"publish","type":"product","link":"https:\/\/old.tellsshoes.ch\/en\/product\/cervin\/","title":{"rendered":"CERVIN"},"content":{"rendered":"<p><strong>D\u00c9TAILS TECHNIQUES<\/strong><\/p>\n<ul>\n<li>CUIR : CUIR LISSE NOIR \/ CUIR NUBUCK NOIR<\/li>\n<li>BARRE DE DEROULEMENT : RIGIDE<\/li>\n<li>CONTREFORTS: STABILISANTS<\/li>\n<li>SEMELLE: 2 SEMELLES INTERIEURES AMOVIBLES<\/li>\n<li>DOUBLURE: DOUBLURE DIAB\u00c9TIQUE<\/li>\n<\/ul>\n<p><strong>FABRICATION<\/strong><\/p>\n<ul>\n<li>FABRICATION: FRANCE<\/li>\n<li>D\u00c9VELOPPEMENT: SUISSE<\/li>\n<li>PROVENANCE TEXTILES \/ CUIR : FRANCE<\/li>\n<li>PROVENANCE SEMELLE: PORTUGAL<\/li>\n<\/ul>","protected":false},"excerpt":{"rendered":"<p>Plongez dans l&rsquo;univers du mod\u00e8le CERVIN, la chaussure masculine par excellence qui fusionne confort, soutien et style \u00e9l\u00e9gant. Avec sa semelle large, elle assure une pression \u00e9quilibr\u00e9e et une stabilit\u00e9 optimale. Son ouverture pratique facilite l&rsquo;enfilage en un clin d&rsquo;\u0153il. Laissez les chaussures CERVIN \u00eatre votre compagnon infaillible pour affronter toutes les situations avec confort et classe.<\/p>","protected":false},"featured_media":2193,"comment_status":"open","ping_status":"closed","template":"","meta":[],"product_brand":[],"product_cat":[30],"product_tag":[],"class_list":{"0":"post-1577","1":"product","2":"type-product","3":"status-publish","4":"has-post-thumbnail","6":"product_cat-homme","8":"first","9":"instock","10":"shipping-taxable","11":"purchasable","12":"product-type-variable"},"_links":{"self":[{"href":"https:\/\/old.tellsshoes.ch\/en\/wp-json\/wp\/v2\/product\/1577","targetHints":{"allow":["GET"]}}],"collection":[{"href":"https:\/\/old.tellsshoes.ch\/en\/wp-json\/wp\/v2\/product"}],"about":[{"href":"https:\/\/old.tellsshoes.ch\/en\/wp-json\/wp\/v2\/types\/product"}],"replies":[{"embeddable":true,"href":"https:\/\/old.tellsshoes.ch\/en\/wp-json\/wp\/v2\/comments?post=1577"}],"wp:featuredmedia":[{"embeddable":true,"href":"https:\/\/old.tellsshoes.ch\/en\/wp-json\/wp\/v2\/media\/2193"}],"wp:attachment":[{"href":"https:\/\/old.tellsshoes.ch\/en\/wp-json\/wp\/v2\/media?parent=1577"}],"wp:term":[{"taxonomy":"product_brand","embeddable":true,"href":"https:\/\/old.tellsshoes.ch\/en\/wp-json\/wp\/v2\/product_brand?post=1577"},{"taxonomy":"product_cat","embeddable":true,"href":"https:\/\/old.tellsshoes.ch\/en\/wp-json\/wp\/v2\/product_cat?post=1577"},{"taxonomy":"product_tag","embeddable":true,"href":"https:\/\/old.tellsshoes.ch\/en\/wp-json\/wp\/v2\/product_tag?post=1577"}],"curies":[{"name":"wp","href":"https:\/\/api.w.org\/{rel}","templated":true}]}}