{"id":1576,"date":"2024-07-02T17:00:19","date_gmt":"2024-07-02T15:00:19","guid":{"rendered":"https:\/\/tellsshoes.ch\/?post_type=product&#038;p=1576"},"modified":"2024-10-03T13:29:20","modified_gmt":"2024-10-03T11:29:20","slug":"jungfrau","status":"publish","type":"product","link":"https:\/\/old.tellsshoes.ch\/en\/product\/jungfrau\/","title":{"rendered":"JUNGFRAU"},"content":{"rendered":"<p><strong>D\u00c9TAILS TECHNIQUES<\/strong><\/p>\n<ul>\n<li>CUIR : CUIR LISSE BLANC \/ CUIR FANTAISIE BLEU<\/li>\n<li>BARRE DE DEROULEMENT : RIGIDE<\/li>\n<li>CONTREFORTS: STABILISANTS<\/li>\n<li>SEMELLE: 2 SEMELLES INTERIEURES AMOVIBLES<\/li>\n<li>DOUBLURE: DOUBLURE DIAB\u00c9TIQUE<\/li>\n<\/ul>\n<p><strong>FABRICATION<\/strong><\/p>\n<ul>\n<li>FABRICATION: FRANCE<\/li>\n<li>D\u00c9VELOPPEMENT: SUISSE<\/li>\n<li>PROVENANCE TEXTILES \/ CUIR : FRANCE<\/li>\n<li>PROVENANCE SEMELLE: PORTUGAL<\/li>\n<\/ul>","protected":false},"excerpt":{"rendered":"<p>D\u00e9couvrez le mod\u00e8le JUNGFRAU, la chaussure f\u00e9minine ultime alliant confort, soutien et style raffin\u00e9. Avec sa semelle large, elle offre une r\u00e9partition \u00e9quilibr\u00e9e de la pression et une stabilit\u00e9 optimale. Gr\u00e2ce \u00e0 son syst\u00e8me de la\u00e7age, son ajustement est impeccable. Les chaussures JUNGFRAU sont vos compagnes de confiance pour affronter toutes les situations avec \u00e9l\u00e9gance et confort sans faille.<\/p>","protected":false},"featured_media":2199,"comment_status":"open","ping_status":"closed","template":"","meta":[],"product_brand":[],"product_cat":[31],"product_tag":[],"class_list":{"0":"post-1576","1":"product","2":"type-product","3":"status-publish","4":"has-post-thumbnail","6":"product_cat-femme","8":"first","9":"instock","10":"shipping-taxable","11":"purchasable","12":"product-type-variable"},"_links":{"self":[{"href":"https:\/\/old.tellsshoes.ch\/en\/wp-json\/wp\/v2\/product\/1576","targetHints":{"allow":["GET"]}}],"collection":[{"href":"https:\/\/old.tellsshoes.ch\/en\/wp-json\/wp\/v2\/product"}],"about":[{"href":"https:\/\/old.tellsshoes.ch\/en\/wp-json\/wp\/v2\/types\/product"}],"replies":[{"embeddable":true,"href":"https:\/\/old.tellsshoes.ch\/en\/wp-json\/wp\/v2\/comments?post=1576"}],"wp:featuredmedia":[{"embeddable":true,"href":"https:\/\/old.tellsshoes.ch\/en\/wp-json\/wp\/v2\/media\/2199"}],"wp:attachment":[{"href":"https:\/\/old.tellsshoes.ch\/en\/wp-json\/wp\/v2\/media?parent=1576"}],"wp:term":[{"taxonomy":"product_brand","embeddable":true,"href":"https:\/\/old.tellsshoes.ch\/en\/wp-json\/wp\/v2\/product_brand?post=1576"},{"taxonomy":"product_cat","embeddable":true,"href":"https:\/\/old.tellsshoes.ch\/en\/wp-json\/wp\/v2\/product_cat?post=1576"},{"taxonomy":"product_tag","embeddable":true,"href":"https:\/\/old.tellsshoes.ch\/en\/wp-json\/wp\/v2\/product_tag?post=1576"}],"curies":[{"name":"wp","href":"https:\/\/api.w.org\/{rel}","templated":true}]}}