{"id":1575,"date":"2024-07-02T16:57:19","date_gmt":"2024-07-02T14:57:19","guid":{"rendered":"https:\/\/tellsshoes.ch\/?post_type=product&#038;p=1575"},"modified":"2024-10-03T13:29:20","modified_gmt":"2024-10-03T11:29:20","slug":"adula","status":"publish","type":"product","link":"https:\/\/old.tellsshoes.ch\/en\/product\/adula\/","title":{"rendered":"ADULA"},"content":{"rendered":"<p><strong>D\u00c9TAILS TECHNIQUES<\/strong><\/p>\n<ul>\n<li>CUIR : CUIR LISSE NOIR \/ CUIR FANTAISIE NOIR<\/li>\n<li>BARRE DE DEROULEMENT : RIGIDE<\/li>\n<li>CONTREFORTS: STABILISANTS<\/li>\n<li>SEMELLE: 2 SEMELLES INTERIEURES AMOVIBLES<\/li>\n<li>DOUBLURE: DOUBLURE DIAB\u00c9TIQUE<\/li>\n<\/ul>\n<p><strong>FABRICATION<\/strong><\/p>\n<ul>\n<li>FABRICATION: FRANCE<\/li>\n<li>D\u00c9VELOPPEMENT: SUISSE<\/li>\n<li>PROVENANCE TEXTILES \/ CUIR : FRANCE<\/li>\n<li>PROVENANCE SEMELLE: PORTUGAL<\/li>\n<\/ul>","protected":false},"excerpt":{"rendered":"<p>Entdecken Sie das Modell ADULA, den ultimativen Damenschuh, der Komfort, Unterst\u00fctzung und raffinierten Stil vereint. Sein gro\u00dfz\u00fcgiges Schuhvolumen gew\u00e4hrleistet eine ausgewogene Druckverteilung und optimale Stabilit\u00e4t. Mit dem praktischen Klettverschluss ist die Passform einwandfrei. Die ADULA Schuhe sind Ihre vertrauensw\u00fcrdigen Begleiter, um alle Situationen mit Eleganz und absolutem Komfort zu meistern.<\/p>","protected":false},"featured_media":2205,"comment_status":"open","ping_status":"closed","template":"","meta":[],"product_brand":[],"product_cat":[31],"product_tag":[],"class_list":{"0":"post-1575","1":"product","2":"type-product","3":"status-publish","4":"has-post-thumbnail","6":"product_cat-femme","8":"first","9":"instock","10":"shipping-taxable","11":"purchasable","12":"product-type-variable"},"_links":{"self":[{"href":"https:\/\/old.tellsshoes.ch\/en\/wp-json\/wp\/v2\/product\/1575","targetHints":{"allow":["GET"]}}],"collection":[{"href":"https:\/\/old.tellsshoes.ch\/en\/wp-json\/wp\/v2\/product"}],"about":[{"href":"https:\/\/old.tellsshoes.ch\/en\/wp-json\/wp\/v2\/types\/product"}],"replies":[{"embeddable":true,"href":"https:\/\/old.tellsshoes.ch\/en\/wp-json\/wp\/v2\/comments?post=1575"}],"wp:featuredmedia":[{"embeddable":true,"href":"https:\/\/old.tellsshoes.ch\/en\/wp-json\/wp\/v2\/media\/2205"}],"wp:attachment":[{"href":"https:\/\/old.tellsshoes.ch\/en\/wp-json\/wp\/v2\/media?parent=1575"}],"wp:term":[{"taxonomy":"product_brand","embeddable":true,"href":"https:\/\/old.tellsshoes.ch\/en\/wp-json\/wp\/v2\/product_brand?post=1575"},{"taxonomy":"product_cat","embeddable":true,"href":"https:\/\/old.tellsshoes.ch\/en\/wp-json\/wp\/v2\/product_cat?post=1575"},{"taxonomy":"product_tag","embeddable":true,"href":"https:\/\/old.tellsshoes.ch\/en\/wp-json\/wp\/v2\/product_tag?post=1575"}],"curies":[{"name":"wp","href":"https:\/\/api.w.org\/{rel}","templated":true}]}}