{"id":1574,"date":"2024-07-02T16:51:20","date_gmt":"2024-07-02T14:51:20","guid":{"rendered":"https:\/\/tellsshoes.ch\/?post_type=product&#038;p=1574"},"modified":"2024-10-03T13:29:19","modified_gmt":"2024-10-03T11:29:19","slug":"mont-tendre","status":"publish","type":"product","link":"https:\/\/old.tellsshoes.ch\/en\/product\/mont-tendre\/","title":{"rendered":"MONT-TENDRE"},"content":{"rendered":"<p><strong>D\u00c9TAILS TECHNIQUES<\/strong><\/p>\n<ul>\n<li>CUIR : TEXTILE BLEU MARINE \/ NUBUCK<\/li>\n<li>BARRE DE DEROULEMENT : RIGIDE<\/li>\n<li>CONTREFORTS: STABILISANTS<\/li>\n<li>SEMELLE: 2 SEMELLES INTERIEURES AMOVIBLES<\/li>\n<li>DOUBLURE: DOUBLURE DIAB\u00c9TIQUE<\/li>\n<\/ul>\n<p><strong>FABRICATION<\/strong><\/p>\n<ul>\n<li>FABRICATION: FRANCE<\/li>\n<li>D\u00c9VELOPPEMENT: SUISSE<\/li>\n<li>PROVENANCE TEXTILES \/ CUIR : FRANCE<\/li>\n<li>PROVENANCE SEMELLE: PORTUGAL<\/li>\n<\/ul>","protected":false},"excerpt":{"rendered":"<p>D\u00e9couvrez nos pantoufles MONT-TENDRE pour personnes diab\u00e9tiques. Design \u00e9l\u00e9gant, confort in\u00e9gal\u00e9. Semelle large pour pression \u00e9quilibr\u00e9e et stabilit\u00e9. Enfilage facile. Pour hommes et femmes. Confort et \u00e9l\u00e9gance assur\u00e9s. Pour se d\u00e9tendre \u00e0 la maison avec confort style et confiance.<\/p>","protected":false},"featured_media":2211,"comment_status":"open","ping_status":"closed","template":"","meta":[],"product_brand":[],"product_cat":[32],"product_tag":[],"class_list":{"0":"post-1574","1":"product","2":"type-product","3":"status-publish","4":"has-post-thumbnail","6":"product_cat-homme_femme","8":"first","9":"instock","10":"shipping-taxable","11":"purchasable","12":"product-type-variable"},"_links":{"self":[{"href":"https:\/\/old.tellsshoes.ch\/en\/wp-json\/wp\/v2\/product\/1574","targetHints":{"allow":["GET"]}}],"collection":[{"href":"https:\/\/old.tellsshoes.ch\/en\/wp-json\/wp\/v2\/product"}],"about":[{"href":"https:\/\/old.tellsshoes.ch\/en\/wp-json\/wp\/v2\/types\/product"}],"replies":[{"embeddable":true,"href":"https:\/\/old.tellsshoes.ch\/en\/wp-json\/wp\/v2\/comments?post=1574"}],"wp:featuredmedia":[{"embeddable":true,"href":"https:\/\/old.tellsshoes.ch\/en\/wp-json\/wp\/v2\/media\/2211"}],"wp:attachment":[{"href":"https:\/\/old.tellsshoes.ch\/en\/wp-json\/wp\/v2\/media?parent=1574"}],"wp:term":[{"taxonomy":"product_brand","embeddable":true,"href":"https:\/\/old.tellsshoes.ch\/en\/wp-json\/wp\/v2\/product_brand?post=1574"},{"taxonomy":"product_cat","embeddable":true,"href":"https:\/\/old.tellsshoes.ch\/en\/wp-json\/wp\/v2\/product_cat?post=1574"},{"taxonomy":"product_tag","embeddable":true,"href":"https:\/\/old.tellsshoes.ch\/en\/wp-json\/wp\/v2\/product_tag?post=1574"}],"curies":[{"name":"wp","href":"https:\/\/api.w.org\/{rel}","templated":true}]}}