{"id":1566,"date":"2024-07-02T16:06:03","date_gmt":"2024-07-02T14:06:03","guid":{"rendered":"https:\/\/tellsshoes.ch\/?post_type=product&#038;p=1566"},"modified":"2024-10-03T13:29:19","modified_gmt":"2024-10-03T11:29:19","slug":"dom","status":"publish","type":"product","link":"https:\/\/old.tellsshoes.ch\/en\/product\/dom\/","title":{"rendered":"DOM"},"content":{"rendered":"<p><strong>D\u00c9TAILS TECHNIQUES<\/strong><\/p>\n<ul>\n<li>CUIR : CUIR LISSE MARRON \/ CUIR NUBUCK MARRON<\/li>\n<li>BARRE DE DEROULEMENT : RIGIDE<\/li>\n<li>CONTREFORTS: STABILISANTS<\/li>\n<li>SEMELLE: 2 SEMELLES INTERIEURES AMOVIBLES<\/li>\n<li>DOUBLURE: DOUBLURE DIAB\u00c9TIQUE<\/li>\n<\/ul>\n<p><strong>FABRICATION<\/strong><\/p>\n<ul>\n<li>FABRICATION: FRANCE<\/li>\n<li>D\u00c9VELOPPEMENT: SUISSE<\/li>\n<li>PROVENANCE TEXTILES \/ CUIR : FRANCE<\/li>\n<li>PROVENANCE SEMELLE: PORTUGAL<\/li>\n<\/ul>","protected":false},"excerpt":{"rendered":"<p>Venez d\u00e9couvrir le mod\u00e8le DOM, La chaussure f\u00e9minine qui fusionne harmonieusement confort, soutien, et \u00e9l\u00e9gance raffin\u00e9e. Gr\u00e2ce \u00e0 son volume chaussant g\u00e9n\u00e9reux, elle offre une distribution parfaitement \u00e9quilibr\u00e9e de la pression et assure une stabilit\u00e9 sans faille. L&rsquo;ajustement est pr\u00e9cis gr\u00e2ce \u00e0 une fermeture \u00e0 lacets. Choisissez les chaussures DOM pour vous accompagner avec gr\u00e2ce et confort in\u00e9gal\u00e9 dans toutes vos aventures du quotidien.<\/p>","protected":false},"featured_media":2216,"comment_status":"open","ping_status":"closed","template":"","meta":[],"product_brand":[],"product_cat":[30],"product_tag":[],"class_list":{"0":"post-1566","1":"product","2":"type-product","3":"status-publish","4":"has-post-thumbnail","6":"product_cat-homme","8":"first","9":"instock","10":"shipping-taxable","11":"purchasable","12":"product-type-variable"},"_links":{"self":[{"href":"https:\/\/old.tellsshoes.ch\/en\/wp-json\/wp\/v2\/product\/1566","targetHints":{"allow":["GET"]}}],"collection":[{"href":"https:\/\/old.tellsshoes.ch\/en\/wp-json\/wp\/v2\/product"}],"about":[{"href":"https:\/\/old.tellsshoes.ch\/en\/wp-json\/wp\/v2\/types\/product"}],"replies":[{"embeddable":true,"href":"https:\/\/old.tellsshoes.ch\/en\/wp-json\/wp\/v2\/comments?post=1566"}],"wp:featuredmedia":[{"embeddable":true,"href":"https:\/\/old.tellsshoes.ch\/en\/wp-json\/wp\/v2\/media\/2216"}],"wp:attachment":[{"href":"https:\/\/old.tellsshoes.ch\/en\/wp-json\/wp\/v2\/media?parent=1566"}],"wp:term":[{"taxonomy":"product_brand","embeddable":true,"href":"https:\/\/old.tellsshoes.ch\/en\/wp-json\/wp\/v2\/product_brand?post=1566"},{"taxonomy":"product_cat","embeddable":true,"href":"https:\/\/old.tellsshoes.ch\/en\/wp-json\/wp\/v2\/product_cat?post=1566"},{"taxonomy":"product_tag","embeddable":true,"href":"https:\/\/old.tellsshoes.ch\/en\/wp-json\/wp\/v2\/product_tag?post=1566"}],"curies":[{"name":"wp","href":"https:\/\/api.w.org\/{rel}","templated":true}]}}